{"id":8942,"date":"2021-07-22T23:21:03","date_gmt":"2021-07-22T23:21:03","guid":{"rendered":"https:\/\/www.charterbydorist.com\/regions\/istanbul\/"},"modified":"2022-05-30T20:38:43","modified_gmt":"2022-05-30T20:38:43","slug":"istanbul","status":"publish","type":"page","link":"https:\/\/www.charterbydorist.com\/en\/regions\/istanbul\/","title":{"rendered":"Istanbul"},"content":{"rendered":"\t\t<div data-elementor-type=\"wp-page\" data-elementor-id=\"8942\" class=\"elementor elementor-8942 elementor-6001\">\n\t\t\t\t\t\t<section class=\"elementor-section elementor-top-section elementor-element elementor-element-cfe648e elementor-section-height-min-height elementor-section-stretched elementor-section-boxed elementor-section-height-default elementor-section-items-middle\" data-id=\"cfe648e\" data-element_type=\"section\" data-settings=\"{&quot;stretch_section&quot;:&quot;section-stretched&quot;,&quot;background_background&quot;:&quot;classic&quot;}\">\n\t\t\t\t\t\t<div class=\"elementor-container elementor-column-gap-default\">\n\t\t\t\t\t<div class=\"elementor-column elementor-col-100 elementor-top-column elementor-element elementor-element-f928415\" data-id=\"f928415\" data-element_type=\"column\">\n\t\t\t<div class=\"elementor-widget-wrap elementor-element-populated\">\n\t\t\t\t\t\t<div class=\"elementor-element elementor-element-dad927d elementor-widget elementor-widget-shortcode\" data-id=\"dad927d\" data-element_type=\"widget\" data-widget_type=\"shortcode.default\">\n\t\t\t\t<div class=\"elementor-widget-container\">\n\t\t\t\t\t<div class=\"elementor-shortcode\"><span><span><a href=\"http:\/\/www.charterbydorist.com\/en\/\">Anasayfa<\/a><\/span><\/span><\/div>\n\t\t\t\t<\/div>\n\t\t\t\t<\/div>\n\t\t\t\t\t<\/div>\n\t\t<\/div>\n\t\t\t\t\t<\/div>\n\t\t<\/section>\n\t\t\t\t<section class=\"elementor-section elementor-top-section elementor-element elementor-element-9c862d4 elementor-section-boxed elementor-section-height-default elementor-section-height-default\" data-id=\"9c862d4\" data-element_type=\"section\">\n\t\t\t\t\t\t<div class=\"elementor-container elementor-column-gap-no\">\n\t\t\t\t\t<div class=\"elementor-column elementor-col-100 elementor-top-column elementor-element elementor-element-712d7f2\" data-id=\"712d7f2\" data-element_type=\"column\">\n\t\t\t<div class=\"elementor-widget-wrap elementor-element-populated\">\n\t\t\t\t\t\t<div class=\"elementor-element elementor-element-106483f elementor-widget elementor-widget-tbay-heading\" data-id=\"106483f\" data-element_type=\"widget\" data-widget_type=\"tbay-heading.default\">\n\t\t\t\t<div class=\"elementor-widget-container\">\n\t\t\t\r\n<div class=\"tbay-element tbay-element-heading\">\r\n\t\t\t\t<h1 class=\"heading-tbay-title\">\r\n\t\t\t\t\t\t\t\t\t<span class=\"title\">Istanbul<\/span>\r\n\t\t\t\t\t    \t\r\n\t\t\t\t\t\t\t<\/h1>\r\n\t\t<\/div>\t\t<\/div>\n\t\t\t\t<\/div>\n\t\t\t\t<div class=\"elementor-element elementor-element-34d070a elementor-widget-divider--view-line elementor-widget elementor-widget-divider\" data-id=\"34d070a\" data-element_type=\"widget\" data-widget_type=\"divider.default\">\n\t\t\t\t<div class=\"elementor-widget-container\">\n\t\t\t\t\t<div class=\"elementor-divider\">\n\t\t\t<span class=\"elementor-divider-separator\">\n\t\t\t\t\t\t<\/span>\n\t\t<\/div>\n\t\t\t\t<\/div>\n\t\t\t\t<\/div>\n\t\t\t\t<div class=\"elementor-element elementor-element-9407b56 elementor-widget elementor-widget-spacer\" data-id=\"9407b56\" data-element_type=\"widget\" data-widget_type=\"spacer.default\">\n\t\t\t\t<div class=\"elementor-widget-container\">\n\t\t\t\t\t<div class=\"elementor-spacer\">\n\t\t\t<div class=\"elementor-spacer-inner\"><\/div>\n\t\t<\/div>\n\t\t\t\t<\/div>\n\t\t\t\t<\/div>\n\t\t\t\t\t<\/div>\n\t\t<\/div>\n\t\t\t\t\t<\/div>\n\t\t<\/section>\n\t\t\t\t<section class=\"elementor-section elementor-top-section elementor-element elementor-element-de73861 elementor-section-boxed elementor-section-height-default elementor-section-height-default\" data-id=\"de73861\" data-element_type=\"section\">\n\t\t\t\t\t\t<div class=\"elementor-container elementor-column-gap-default\">\n\t\t\t\t\t<div class=\"elementor-column elementor-col-50 elementor-top-column elementor-element elementor-element-2ea8f99\" data-id=\"2ea8f99\" data-element_type=\"column\">\n\t\t\t<div class=\"elementor-widget-wrap elementor-element-populated\">\n\t\t\t\t\t\t<div class=\"elementor-element elementor-element-bd200c2 elementor-widget elementor-widget-text-editor\" data-id=\"bd200c2\" data-element_type=\"widget\" data-widget_type=\"text-editor.default\">\n\t\t\t\t<div class=\"elementor-widget-container\">\n\t\t\t\t\t\t\t<p>Tarihi yar\u0131mada, \u0130stanbul!<br \/>D\u00fcnyan\u0131n en g\u00fczel \u015fehirlerinden biri&#8230;<br \/>Medeniyetlerin, a\u015fklar\u0131n, sava\u015flar\u0131n, fetihlerin, efsanelerin \u015fehri.<\/p>\n<p>\u00a0<\/p>\n<p>\u0130stanbul\u2019un g\u00fczelli\u011fine say\u0131s\u0131z \u015fiirler, \u015fark\u0131lar yaz\u0131lm\u0131\u015f; resimler, sanat eserleri yap\u0131lm\u0131\u015ft\u0131r. \u00c7\u00fcnk\u00fc \u0130stanbul\u2019u g\u00f6ren, hem de denizden g\u00f6ren herkes bu \u015fehre a\u015f\u0131k olmu\u015ftur.<\/p>\n<p>\u00a0<\/p>\n<p>\u0130stanbul Bo\u011faz\u0131\u2019nda ilerlerken sizi K\u0131z Kulesi kar\u015f\u0131lar, hemen ar\u0131ndan Galata Kulesi, Topkap\u0131 Saray\u0131, Ayasofya kendini g\u00f6sterir. Hepsi ba\u015fka bir \u015fey anlat\u0131r. G\u00fcnd\u00fcz\u00fc ayr\u0131 gecesi ayr\u0131 g\u00fczeldir. Masals\u0131 bir \u015fehirdir \u0130stanbul.<\/p>\n<p>\u00a0<\/p>\n<p>Gezilecek, g\u00f6r\u00fclecek, tad\u0131lacak, a\u015f\u0131k olunacak epik \u015fehir \u0130stanbul; Dorist\u2019ten kiralad\u0131\u011f\u0131n\u0131z yat\u0131n\u0131zla birlikte sizi bekliyor.<\/p>\n<p><strong>\u00a0<\/strong><\/p>\n<p><strong>G\u00fcnl\u00fck ve saatlik kiralama se\u00e7eneklerimiz i\u00e7in sadece \u0130stanbul Bo\u011faz\u0131\u2019na \u00f6zel hizmet veren yat ve teknelerimizin yer ald\u0131\u011f\u0131 Dorist Yat\u00e7\u0131l\u0131k web sitemizi ziyaret edebilir veya detayl\u0131 bilgi i\u00e7in bizimle ileti\u015fime ge\u00e7ebilirsiniz.<\/strong><\/p>\n\t\t\t\t\t\t<\/div>\n\t\t\t\t<\/div>\n\t\t\t\t<div class=\"elementor-element elementor-element-a09c864 elementor-widget elementor-widget-spacer\" data-id=\"a09c864\" data-element_type=\"widget\" data-widget_type=\"spacer.default\">\n\t\t\t\t<div class=\"elementor-widget-container\">\n\t\t\t\t\t<div class=\"elementor-spacer\">\n\t\t\t<div class=\"elementor-spacer-inner\"><\/div>\n\t\t<\/div>\n\t\t\t\t<\/div>\n\t\t\t\t<\/div>\n\t\t\t\t<div class=\"elementor-element elementor-element-eb65356 elementor-widget elementor-widget-tbay-button\" data-id=\"eb65356\" data-element_type=\"widget\" data-widget_type=\"tbay-button.default\">\n\t\t\t\t<div class=\"elementor-widget-container\">\n\t\t\t<div class=\"tbay-element tbay-element-button\">\r\n                <a href=\"https:\/\/www.doristyatcilik.com\"  class=\"tbay-btn-theme btn-theme\">Visit website                <i aria-hidden=\"true\" class=\"tb-icon tb-icon-arrow-right\"><\/i>            <\/a>\r\n        <\/div>\t\t<\/div>\n\t\t\t\t<\/div>\n\t\t\t\t\t<\/div>\n\t\t<\/div>\n\t\t\t\t<div class=\"elementor-column elementor-col-50 elementor-top-column elementor-element elementor-element-d665703\" data-id=\"d665703\" data-element_type=\"column\">\n\t\t\t<div class=\"elementor-widget-wrap elementor-element-populated\">\n\t\t\t\t\t\t<div class=\"elementor-element elementor-element-76300f2 elementor-widget elementor-widget-image\" data-id=\"76300f2\" data-element_type=\"widget\" data-widget_type=\"image.default\">\n\t\t\t\t<div class=\"elementor-widget-container\">\n\t\t\t\t\t\t\t\t\t\t\t\t\t<img fetchpriority=\"high\" decoding=\"async\" width=\"2240\" height=\"2240\" src=\"https:\/\/www.charterbydorist.com\/wp-content\/uploads\/2021\/07\/istanbul-min.jpg\" class=\"attachment-full size-full wp-image-8831\" alt=\"\" \/>\t\t\t\t\t\t\t\t\t\t\t\t\t<\/div>\n\t\t\t\t<\/div>\n\t\t\t\t\t<\/div>\n\t\t<\/div>\n\t\t\t\t\t<\/div>\n\t\t<\/section>\n\t\t\t\t<section class=\"elementor-section elementor-top-section elementor-element elementor-element-707e4c0 elementor-section-boxed elementor-section-height-default elementor-section-height-default\" data-id=\"707e4c0\" data-element_type=\"section\">\n\t\t\t\t\t\t<div class=\"elementor-container elementor-column-gap-default\">\n\t\t\t\t\t<div class=\"elementor-column elementor-col-100 elementor-top-column elementor-element elementor-element-c2993b0\" data-id=\"c2993b0\" data-element_type=\"column\">\n\t\t\t<div class=\"elementor-widget-wrap elementor-element-populated\">\n\t\t\t\t\t\t<div class=\"elementor-element elementor-element-8bfe707 elementor-widget elementor-widget-spacer\" data-id=\"8bfe707\" data-element_type=\"widget\" data-widget_type=\"spacer.default\">\n\t\t\t\t<div class=\"elementor-widget-container\">\n\t\t\t\t\t<div class=\"elementor-spacer\">\n\t\t\t<div class=\"elementor-spacer-inner\"><\/div>\n\t\t<\/div>\n\t\t\t\t<\/div>\n\t\t\t\t<\/div>\n\t\t\t\t\t<\/div>\n\t\t<\/div>\n\t\t\t\t\t<\/div>\n\t\t<\/section>\n\t\t\t\t<\/div>\n\t\t","protected":false},"excerpt":{"rendered":"<p>Istanbul Tarihi yar\u0131mada, \u0130stanbul!D\u00fcnyan\u0131n en g\u00fczel \u015fehirlerinden biri&#8230;Medeniyetlerin, a\u015fklar\u0131n, sava\u015flar\u0131n, fetihlerin, efsanelerin \u015fehri. \u00a0 \u0130stanbul\u2019un g\u00fczelli\u011fine say\u0131s\u0131z \u015fiirler, \u015fark\u0131lar yaz\u0131lm\u0131\u015f; resimler, sanat eserleri yap\u0131lm\u0131\u015ft\u0131r. \u00c7\u00fcnk\u00fc \u0130stanbul\u2019u g\u00f6ren, hem de denizden g\u00f6ren herkes bu \u015fehre a\u015f\u0131k olmu\u015ftur. \u00a0 \u0130stanbul Bo\u011faz\u0131\u2019nda ilerlerken sizi K\u0131z Kulesi kar\u015f\u0131lar, hemen ar\u0131ndan Galata Kulesi, Topkap\u0131 Saray\u0131, Ayasofya kendini g\u00f6sterir. Hepsi ba\u015fka &hellip; <a href=\"https:\/\/www.charterbydorist.com\/en\/regions\/istanbul\/\" class=\"more-link\">Read More <span class=\"screen-reader-text\">Istanbul<\/span><\/a><\/p>\n","protected":false},"author":1,"featured_media":8831,"parent":8931,"menu_order":0,"comment_status":"closed","ping_status":"closed","template":"","meta":{"footnotes":""},"yoast_head":"<!-- This site is optimized with the Yoast SEO plugin v22.2 - https:\/\/yoast.com\/wordpress\/plugins\/seo\/ -->\n<title>Istanbul | Charter by Dorist<\/title>\n<meta name=\"description\" content=\"You can visit our website for Istanbul blue cruise boats or contact us for more information.\" \/>\n<meta name=\"robots\" content=\"index, follow, max-snippet:-1, max-image-preview:large, max-video-preview:-1\" \/>\n<link rel=\"canonical\" href=\"http:\/\/www.charterbydorist.com\/en\/regions\/istanbul\/\" \/>\n<meta property=\"og:locale\" content=\"en_US\" \/>\n<meta property=\"og:type\" content=\"article\" \/>\n<meta property=\"og:title\" content=\"Istanbul | Charter by Dorist\" \/>\n<meta property=\"og:description\" content=\"You can visit our website for Istanbul blue cruise boats or contact us for more information.\" \/>\n<meta property=\"og:url\" content=\"http:\/\/www.charterbydorist.com\/en\/regions\/istanbul\/\" \/>\n<meta property=\"og:site_name\" content=\"Charter by Dorist\" \/>\n<meta property=\"article:modified_time\" content=\"2022-05-30T20:38:43+00:00\" \/>\n<meta property=\"og:image\" content=\"http:\/\/www.charterbydorist.com\/wp-content\/uploads\/2021\/07\/istanbul-min.jpg\" \/>\n\t<meta property=\"og:image:width\" content=\"2240\" \/>\n\t<meta property=\"og:image:height\" content=\"2240\" \/>\n\t<meta property=\"og:image:type\" content=\"image\/jpeg\" \/>\n<meta name=\"twitter:card\" content=\"summary_large_image\" \/>\n<meta name=\"twitter:label1\" content=\"Est. reading time\" \/>\n\t<meta name=\"twitter:data1\" content=\"1 minute\" \/>\n<script type=\"application\/ld+json\" class=\"yoast-schema-graph\">{\"@context\":\"https:\/\/schema.org\",\"@graph\":[{\"@type\":\"WebPage\",\"@id\":\"http:\/\/www.charterbydorist.com\/en\/regions\/istanbul\/\",\"url\":\"http:\/\/www.charterbydorist.com\/en\/regions\/istanbul\/\",\"name\":\"Istanbul | Charter by Dorist\",\"isPartOf\":{\"@id\":\"http:\/\/www.charterbydorist.com\/en\/#website\"},\"primaryImageOfPage\":{\"@id\":\"http:\/\/www.charterbydorist.com\/en\/regions\/istanbul\/#primaryimage\"},\"image\":{\"@id\":\"http:\/\/www.charterbydorist.com\/en\/regions\/istanbul\/#primaryimage\"},\"thumbnailUrl\":\"https:\/\/www.charterbydorist.com\/wp-content\/uploads\/2021\/07\/istanbul-min.jpg\",\"datePublished\":\"2021-07-22T23:21:03+00:00\",\"dateModified\":\"2022-05-30T20:38:43+00:00\",\"description\":\"You can visit our website for Istanbul blue cruise boats or contact us for more information.\",\"breadcrumb\":{\"@id\":\"http:\/\/www.charterbydorist.com\/en\/regions\/istanbul\/#breadcrumb\"},\"inLanguage\":\"en-US\",\"potentialAction\":[{\"@type\":\"ReadAction\",\"target\":[\"http:\/\/www.charterbydorist.com\/en\/regions\/istanbul\/\"]}]},{\"@type\":\"ImageObject\",\"inLanguage\":\"en-US\",\"@id\":\"http:\/\/www.charterbydorist.com\/en\/regions\/istanbul\/#primaryimage\",\"url\":\"https:\/\/www.charterbydorist.com\/wp-content\/uploads\/2021\/07\/istanbul-min.jpg\",\"contentUrl\":\"https:\/\/www.charterbydorist.com\/wp-content\/uploads\/2021\/07\/istanbul-min.jpg\",\"width\":2240,\"height\":2240},{\"@type\":\"BreadcrumbList\",\"@id\":\"http:\/\/www.charterbydorist.com\/en\/regions\/istanbul\/#breadcrumb\",\"itemListElement\":[{\"@type\":\"ListItem\",\"position\":1,\"name\":\"Anasayfa\",\"item\":\"http:\/\/www.charterbydorist.com\/en\/\"},{\"@type\":\"ListItem\",\"position\":2,\"name\":\"Regions\",\"item\":\"http:\/\/www.charterbydorist.com\/en\/regions\/\"},{\"@type\":\"ListItem\",\"position\":3,\"name\":\"Istanbul\"}]},{\"@type\":\"WebSite\",\"@id\":\"http:\/\/www.charterbydorist.com\/en\/#website\",\"url\":\"http:\/\/www.charterbydorist.com\/en\/\",\"name\":\"Charter by Dorist\",\"description\":\"\",\"publisher\":{\"@id\":\"http:\/\/www.charterbydorist.com\/en\/#organization\"},\"potentialAction\":[{\"@type\":\"SearchAction\",\"target\":{\"@type\":\"EntryPoint\",\"urlTemplate\":\"http:\/\/www.charterbydorist.com\/en\/?s={search_term_string}\"},\"query-input\":\"required name=search_term_string\"}],\"inLanguage\":\"en-US\"},{\"@type\":\"Organization\",\"@id\":\"http:\/\/www.charterbydorist.com\/en\/#organization\",\"name\":\"Charter by Dorist\",\"url\":\"http:\/\/www.charterbydorist.com\/en\/\",\"logo\":{\"@type\":\"ImageObject\",\"inLanguage\":\"en-US\",\"@id\":\"http:\/\/www.charterbydorist.com\/en\/#\/schema\/logo\/image\/\",\"url\":\"https:\/\/www.charterbydorist.com\/wp-content\/uploads\/2021\/07\/charter-dorist-logo.png\",\"contentUrl\":\"https:\/\/www.charterbydorist.com\/wp-content\/uploads\/2021\/07\/charter-dorist-logo.png\",\"width\":1065,\"height\":412,\"caption\":\"Charter by Dorist\"},\"image\":{\"@id\":\"http:\/\/www.charterbydorist.com\/en\/#\/schema\/logo\/image\/\"}}]}<\/script>\n<!-- \/ Yoast SEO plugin. -->","yoast_head_json":{"title":"Istanbul | Charter by Dorist","description":"You can visit our website for Istanbul blue cruise boats or contact us for more information.","robots":{"index":"index","follow":"follow","max-snippet":"max-snippet:-1","max-image-preview":"max-image-preview:large","max-video-preview":"max-video-preview:-1"},"canonical":"http:\/\/www.charterbydorist.com\/en\/regions\/istanbul\/","og_locale":"en_US","og_type":"article","og_title":"Istanbul | Charter by Dorist","og_description":"You can visit our website for Istanbul blue cruise boats or contact us for more information.","og_url":"http:\/\/www.charterbydorist.com\/en\/regions\/istanbul\/","og_site_name":"Charter by Dorist","article_modified_time":"2022-05-30T20:38:43+00:00","og_image":[{"width":2240,"height":2240,"url":"http:\/\/www.charterbydorist.com\/wp-content\/uploads\/2021\/07\/istanbul-min.jpg","type":"image\/jpeg"}],"twitter_card":"summary_large_image","twitter_misc":{"Est. reading time":"1 minute"},"schema":{"@context":"https:\/\/schema.org","@graph":[{"@type":"WebPage","@id":"http:\/\/www.charterbydorist.com\/en\/regions\/istanbul\/","url":"http:\/\/www.charterbydorist.com\/en\/regions\/istanbul\/","name":"Istanbul | Charter by Dorist","isPartOf":{"@id":"http:\/\/www.charterbydorist.com\/en\/#website"},"primaryImageOfPage":{"@id":"http:\/\/www.charterbydorist.com\/en\/regions\/istanbul\/#primaryimage"},"image":{"@id":"http:\/\/www.charterbydorist.com\/en\/regions\/istanbul\/#primaryimage"},"thumbnailUrl":"https:\/\/www.charterbydorist.com\/wp-content\/uploads\/2021\/07\/istanbul-min.jpg","datePublished":"2021-07-22T23:21:03+00:00","dateModified":"2022-05-30T20:38:43+00:00","description":"You can visit our website for Istanbul blue cruise boats or contact us for more information.","breadcrumb":{"@id":"http:\/\/www.charterbydorist.com\/en\/regions\/istanbul\/#breadcrumb"},"inLanguage":"en-US","potentialAction":[{"@type":"ReadAction","target":["http:\/\/www.charterbydorist.com\/en\/regions\/istanbul\/"]}]},{"@type":"ImageObject","inLanguage":"en-US","@id":"http:\/\/www.charterbydorist.com\/en\/regions\/istanbul\/#primaryimage","url":"https:\/\/www.charterbydorist.com\/wp-content\/uploads\/2021\/07\/istanbul-min.jpg","contentUrl":"https:\/\/www.charterbydorist.com\/wp-content\/uploads\/2021\/07\/istanbul-min.jpg","width":2240,"height":2240},{"@type":"BreadcrumbList","@id":"http:\/\/www.charterbydorist.com\/en\/regions\/istanbul\/#breadcrumb","itemListElement":[{"@type":"ListItem","position":1,"name":"Anasayfa","item":"http:\/\/www.charterbydorist.com\/en\/"},{"@type":"ListItem","position":2,"name":"Regions","item":"http:\/\/www.charterbydorist.com\/en\/regions\/"},{"@type":"ListItem","position":3,"name":"Istanbul"}]},{"@type":"WebSite","@id":"http:\/\/www.charterbydorist.com\/en\/#website","url":"http:\/\/www.charterbydorist.com\/en\/","name":"Charter by Dorist","description":"","publisher":{"@id":"http:\/\/www.charterbydorist.com\/en\/#organization"},"potentialAction":[{"@type":"SearchAction","target":{"@type":"EntryPoint","urlTemplate":"http:\/\/www.charterbydorist.com\/en\/?s={search_term_string}"},"query-input":"required name=search_term_string"}],"inLanguage":"en-US"},{"@type":"Organization","@id":"http:\/\/www.charterbydorist.com\/en\/#organization","name":"Charter by Dorist","url":"http:\/\/www.charterbydorist.com\/en\/","logo":{"@type":"ImageObject","inLanguage":"en-US","@id":"http:\/\/www.charterbydorist.com\/en\/#\/schema\/logo\/image\/","url":"https:\/\/www.charterbydorist.com\/wp-content\/uploads\/2021\/07\/charter-dorist-logo.png","contentUrl":"https:\/\/www.charterbydorist.com\/wp-content\/uploads\/2021\/07\/charter-dorist-logo.png","width":1065,"height":412,"caption":"Charter by Dorist"},"image":{"@id":"http:\/\/www.charterbydorist.com\/en\/#\/schema\/logo\/image\/"}}]}},"_links":{"self":[{"href":"https:\/\/www.charterbydorist.com\/en\/wp-json\/wp\/v2\/pages\/8942"}],"collection":[{"href":"https:\/\/www.charterbydorist.com\/en\/wp-json\/wp\/v2\/pages"}],"about":[{"href":"https:\/\/www.charterbydorist.com\/en\/wp-json\/wp\/v2\/types\/page"}],"author":[{"embeddable":true,"href":"https:\/\/www.charterbydorist.com\/en\/wp-json\/wp\/v2\/users\/1"}],"replies":[{"embeddable":true,"href":"https:\/\/www.charterbydorist.com\/en\/wp-json\/wp\/v2\/comments?post=8942"}],"version-history":[{"count":0,"href":"https:\/\/www.charterbydorist.com\/en\/wp-json\/wp\/v2\/pages\/8942\/revisions"}],"up":[{"embeddable":true,"href":"https:\/\/www.charterbydorist.com\/en\/wp-json\/wp\/v2\/pages\/8931"}],"wp:featuredmedia":[{"embeddable":true,"href":"https:\/\/www.charterbydorist.com\/en\/wp-json\/wp\/v2\/media\/8831"}],"wp:attachment":[{"href":"https:\/\/www.charterbydorist.com\/en\/wp-json\/wp\/v2\/media?parent=8942"}],"curies":[{"name":"wp","href":"https:\/\/api.w.org\/{rel}","templated":true}]}}